{"id":138,"date":"2014-08-27T09:14:31","date_gmt":"2014-08-27T09:14:31","guid":{"rendered":"http:\/\/178.238.229.69\/www.distaziofamily.com\/www\/?page_id=138"},"modified":"2024-02-27T11:00:34","modified_gmt":"2024-02-27T10:00:34","slug":"shipping","status":"publish","type":"page","link":"https:\/\/www.distaziofamily.com\/en\/shipping\/","title":{"rendered":"Shipping"},"content":{"rendered":"<p><strong>Trasporto, costi e consegna<\/strong><\/p>\n<p>Le nostre spedizioni vengono effettuate dai corrieri BRT, ARTONI e PALLETSWAY.<br \/>\nI tempi di consegna possono variare in base alla modalit\u00e0 di pagamento* e al corriere selezionato.<\/p>\n<p>*<em>Ricorda:se hai scelto di pagare tramite bonifico bancario \u00e8 possibile che i tempi di attesa si prolunghino di 2\/3 giorni lavorativi, infatti la spedizione partir\u00e0 solo a ricezione pagamento.<\/em><\/p>\n<p><strong>Ti consigliamo di INDICARE SEMPRE un RECAPITO TELEFONICO al momento dell\u2019ordine per eventuali comunicazioni da parte del corriere.<br \/>\n<\/strong>Per motivi tecnico-logistici, in alcuni casi, ci riserviamo di affidare la consegna ad un corriere diverso da quello selezionato.<\/p>\n<p><strong>Corriere espresso BRT<\/strong><\/p>\n<p>Dall\u2019evasione dell\u2019ordine sino alla consegna, il tuo ordine impiega da 3 a 8 giorni lavorativi, in base all&#8217;indirizzo di spedizione. 1-2 giorni dopo l\u2019evasione, nel momento in cui affideremo il tuo ordine al corriere BRT, riceverai una mail contenente il link per tracciare la spedizione.<br \/>\nImportante! Possibili ritardi nell&#8217;invio della mail con la tracciabilit\u00e0 dell&#8217;ordine non comportano necessariamente l\u2019allungamento dei tempi di spedizione.<\/p>\n<p><strong>Corriere espresso FERCAM e ONEXPRESS<\/strong><\/p>\n<p>La consegna della merce richiede da 3 a 10 giorni lavorativi, in base all&#8217;indirizzo di spedizione.<br \/>\nSi pu\u00f2 richiedere l&#8217;avviso telefonico al costo di 1,50 euro pi\u00f9 iva e la sponda idraulica al costo di 8 euro pi\u00f9 iva<\/p>\n\n<table id=\"tablepress-1\" class=\"tablepress tablepress-id-1\">\n<tbody class=\"row-hover\">\n<tr class=\"row-1 odd\">\n\t<td class=\"column-1\">Weight (Kg)<\/td><td class=\"column-2\">Nord (\u20ac)<\/td><td class=\"column-3\">Centro (\u20ac)<\/td><td class=\"column-4\">Sud (\u20ac)<\/td><td class=\"column-5\">Isole - Sicilia, Sardegna, Isola d'Elba (\u20ac)<\/td>\n<\/tr>\n<tr class=\"row-2 even\">\n\t<td class=\"column-1\">2<\/td><td class=\"column-2\">6,65 + 22% VAT<\/td><td class=\"column-3\">6,65 + 22% VAT<\/td><td class=\"column-4\">6,65 + 22% VAT<\/td><td class=\"column-5\">7,15 + 22% VAT<\/td>\n<\/tr>\n<tr class=\"row-3 odd\">\n\t<td class=\"column-1\">5<\/td><td class=\"column-2\">7,90 + 22% VAT<\/td><td class=\"column-3\">7,90+ 22% VAT<\/td><td class=\"column-4\">7,90 + 22% VAT<\/td><td class=\"column-5\">8,35 + 22% VAT<\/td>\n<\/tr>\n<tr class=\"row-4 even\">\n\t<td class=\"column-1\">10<\/td><td class=\"column-2\">9,10 + 22% VAT<\/td><td class=\"column-3\">9,10 + 22% VAT<\/td><td class=\"column-4\">9,10 + 22% VAT<\/td><td class=\"column-5\">9,90+ 22% VAT<\/td>\n<\/tr>\n<tr class=\"row-5 odd\">\n\t<td class=\"column-1\">25<\/td><td class=\"column-2\">12,95 + 22% VAT<\/td><td class=\"column-3\">12,95 + 22% VAT<\/td><td class=\"column-4\">12,95 + 22% VAT<\/td><td class=\"column-5\">13,75 + 22% VAT<\/td>\n<\/tr>\n<tr class=\"row-6 even\">\n\t<td class=\"column-1\">90<\/td><td class=\"column-2\">17,35 + 22% VAT<\/td><td class=\"column-3\">19,75+ 22% VAT<\/td><td class=\"column-4\">19,75 + 22% VAT<\/td><td class=\"column-5\">14,90 + 22% VAT<\/td>\n<\/tr>\n<tr class=\"row-7 odd\">\n\t<td class=\"column-1\">180<\/td><td class=\"column-2\">17,35 every 100kg + 22% VAT<\/td><td class=\"column-3\">19,75 every 100kg + 22% VAT<\/td><td class=\"column-4\">19,75 every 100kg + 22% VAT<\/td><td class=\"column-5\">34,90 every 100kg + 22% VAT<\/td>\n<\/tr>\n<tr class=\"row-8 even\">\n\t<td class=\"column-1\">400<\/td><td class=\"column-2\">15,52 every 100kg+22% VAT<\/td><td class=\"column-3\">16,73 every 100kg+22% VAT<\/td><td class=\"column-4\">16,73 every 100kg+22% VAT<\/td><td class=\"column-5\">24 every 100kg+ 22%VAT<\/td>\n<\/tr>\n<tr class=\"row-9 odd\">\n\t<td class=\"column-1\">500<\/td><td class=\"column-2\">14,52 every 100 Kg + 22% VAT<\/td><td class=\"column-3\">16,23 every 100 Kg + 22% VAT<\/td><td class=\"column-4\">16,23 every 100 Kg + 22% VAT<\/td><td class=\"column-5\">23,50 every 100 Kg + 22% VAT<\/td>\n<\/tr>\n<tr class=\"row-10 even\">\n\t<td class=\"column-1\">900<\/td><td class=\"column-2\">13,31 every 100 Kg + 22% VAT<\/td><td class=\"column-3\">15,02 every 100 Kg + 22% VAT<\/td><td class=\"column-4\">15,02 every 100 Kg + 22% VAT<\/td><td class=\"column-5\">21,40 every 100 Kg + 22% VAT<\/td>\n<\/tr>\n<tr class=\"row-11 odd\">\n\t<td class=\"column-1\">1.200<\/td><td class=\"column-2\">12,10 every 100 Kg + 22% VAT<\/td><td class=\"column-3\">13,80 every 100 Kg + 22% VAT<\/td><td class=\"column-4\">13,80 every 100 Kg + 22% VAT<\/td><td class=\"column-5\">19,20 every 100 Kg + 22% VAT<\/td>\n<\/tr>\n<tr class=\"row-12 even\">\n\t<td class=\"column-1\">1.600<\/td><td class=\"column-2\">11,50 every 100 Kg + 22% VAT<\/td><td class=\"column-3\">12,60 every 100 Kg + 22% VAT<\/td><td class=\"column-4\">12,60 every 100 Kg + 22% VAT<\/td><td class=\"column-5\">18,10 every 100 Kg + 22% VAT<\/td>\n<\/tr>\n<tr class=\"row-13 odd\">\n\t<td class=\"column-1\">Over 1.600<\/td><td class=\"column-2\">10,90 every 100 Kg + 22% VAT<\/td><td class=\"column-3\">12,05 every 100 Kg + 22% VAT<\/td><td class=\"column-4\">12,05 every 100 Kg + 22% VAT<\/td><td class=\"column-5\">17,00 every 100 Kg + 22% VAT<\/td>\n<\/tr>\n<\/tbody>\n<\/table>\n<!-- #tablepress-1 from cache -->\n\n<table id=\"tablepress-3\" class=\"tablepress tablepress-id-3\">\n<tbody class=\"row-hover\">\n<tr class=\"row-1 odd\">\n\t<td class=\"column-1\">Weight (Kg)<\/td><td class=\"column-2\">Austria, Germania, Belgio, Lussemburgo, Francia, Olanda, Spagna e Inghilterra (\u20ac)<\/td>\n<\/tr>\n<tr class=\"row-2 even\">\n\t<td class=\"column-1\">10<\/td><td class=\"column-2\">21,00 + 22% VAT<\/td>\n<\/tr>\n<tr class=\"row-3 odd\">\n\t<td class=\"column-1\">10 +<\/td><td class=\"column-2\">Head over to the downloads section to see all the rates<\/td>\n<\/tr>\n<\/tbody>\n<\/table>\n<!-- #tablepress-3 from cache -->\n","protected":false},"excerpt":{"rendered":"<p>Trasporto, costi e consegna Le nostre spedizioni vengono effettuate dai corrieri BRT, ARTONI e PALLETSWAY. I tempi di consegna possono variare in base alla modalit\u00e0 di pagamento* e al corriere selezionato. *Ricorda:se hai scelto di pagare tramite bonifico bancario \u00e8 possibile che i tempi di attesa si prolunghino di 2\/3 giorni lavorativi, infatti la spedizione [&hellip;]<\/p>\n","protected":false},"author":138,"featured_media":0,"parent":0,"menu_order":0,"comment_status":"open","ping_status":"open","template":"","meta":[],"_links":{"self":[{"href":"https:\/\/www.distaziofamily.com\/en\/wp-json\/wp\/v2\/pages\/138"}],"collection":[{"href":"https:\/\/www.distaziofamily.com\/en\/wp-json\/wp\/v2\/pages"}],"about":[{"href":"https:\/\/www.distaziofamily.com\/en\/wp-json\/wp\/v2\/types\/page"}],"author":[{"embeddable":true,"href":"https:\/\/www.distaziofamily.com\/en\/wp-json\/wp\/v2\/users\/138"}],"replies":[{"embeddable":true,"href":"https:\/\/www.distaziofamily.com\/en\/wp-json\/wp\/v2\/comments?post=138"}],"version-history":[{"count":2,"href":"https:\/\/www.distaziofamily.com\/en\/wp-json\/wp\/v2\/pages\/138\/revisions"}],"predecessor-version":[{"id":26158,"href":"https:\/\/www.distaziofamily.com\/en\/wp-json\/wp\/v2\/pages\/138\/revisions\/26158"}],"wp:attachment":[{"href":"https:\/\/www.distaziofamily.com\/en\/wp-json\/wp\/v2\/media?parent=138"}],"curies":[{"name":"wp","href":"https:\/\/api.w.org\/{rel}","templated":true}]}}