{"id":142,"date":"2014-08-27T09:15:43","date_gmt":"2014-08-27T09:15:43","guid":{"rendered":"http:\/\/178.238.229.69\/www.distaziofamily.com\/www\/?page_id=142"},"modified":"2020-01-02T18:50:03","modified_gmt":"2020-01-02T17:50:03","slug":"privacy","status":"publish","type":"page","link":"https:\/\/www.distaziofamily.com\/en\/privacy\/","title":{"rendered":"Privacy"},"content":{"rendered":"<p>Questo sito web utilizza Google Analitycs, un servizio di analisi web fornito da Google Inc. Google Analitycs utilizza dei \u201ccookies\u201d , files di testo che vengono depositati sul vostro computer per consentire di analizzare come gli utenti utilizzano il sito. Le informazioni generate dal cookie sull\u2019utilizzo del sito web ( compreso il vostro indirizzo IP) verranno trasmesse ad un server di Google negli Stati Uniti e memorizzate. Google utilizzer\u00e0 queste informazioni per esaminare il vostro indirizzo del sito web, compilare report sulle attivit\u00e0 del sito per operatori web e rifornire altri con il sito web e servizi relativi ad internet. Google pu\u00f2 anche trasferire queste informazioni a terzi, se non richiesto dalla legge o laddove tali terzi trattino le informazioni per conto di Google. Google non assocer\u00e0 il vostro indirizzo IP e nessun altro dato posseduto da Google. Potete rifiutarvi di utilizzare i cookies selezionando l\u2019impostazione appropriata sul vostro Browser; si segnala , tuttavia, che in questo caso potrebbe non essere in grado di utilizzare tutte le funzioni di questo sito web.<br \/>\nUtilizzando questo sito, voi acconsentite al trattamento dei vostri dati da parte di Google nel modo sopra descritto e per lo scopo di cui sopra.<br \/>\nIl Provider sottolinea espressamente che la trasmissione di dati su Internet ( ad esempio durante la comunicazione via mail) quali possono essere le lacune di sicurezza e che non pu\u00f2 essere completamente protetto contro l\u2019accesso da parte di terzi.<br \/>\nSe all\u2019interno di Internet si offre la possibilit\u00e0 a terzi di immettere dati personali o aziendali ( indirizzi mai, nominativi, indirizzi anagrafici) l\u2019inserimento di questi dati da parte dell\u2019utente \u00e8 su base volontaria. L\u2019utilizzo e il pagamento di tutti i servizi offerti sono consentiti, se tecnicamente possibile e ragionevole, senza specificazione di tutti i dati personali o la specificazione di dati anonimi o di uno pseudonimo. E\u2019 vietato l\u2019uso dei dati di contratto pubblicati nel colophon o dettagli comparabili, quali indirizzi postali, numeri di telefono o fax e indirizzi mail per l\u2019invio di informazioni non richieste. Azioni legali contro i mittenti di messaggi spam in violazione di tale divieto sono espressamente riservate.<\/p>\n","protected":false},"excerpt":{"rendered":"<p>Questo sito web utilizza Google Analitycs, un servizio di analisi web fornito da Google Inc. Google Analitycs utilizza dei \u201ccookies\u201d , files di testo che vengono depositati sul vostro computer per consentire di analizzare come gli utenti utilizzano il sito. Le informazioni generate dal cookie sull\u2019utilizzo del sito web ( compreso il vostro indirizzo IP) [&hellip;]<\/p>\n","protected":false},"author":138,"featured_media":0,"parent":0,"menu_order":0,"comment_status":"open","ping_status":"open","template":"","meta":[],"_links":{"self":[{"href":"https:\/\/www.distaziofamily.com\/en\/wp-json\/wp\/v2\/pages\/142"}],"collection":[{"href":"https:\/\/www.distaziofamily.com\/en\/wp-json\/wp\/v2\/pages"}],"about":[{"href":"https:\/\/www.distaziofamily.com\/en\/wp-json\/wp\/v2\/types\/page"}],"author":[{"embeddable":true,"href":"https:\/\/www.distaziofamily.com\/en\/wp-json\/wp\/v2\/users\/138"}],"replies":[{"embeddable":true,"href":"https:\/\/www.distaziofamily.com\/en\/wp-json\/wp\/v2\/comments?post=142"}],"version-history":[{"count":1,"href":"https:\/\/www.distaziofamily.com\/en\/wp-json\/wp\/v2\/pages\/142\/revisions"}],"predecessor-version":[{"id":12138,"href":"https:\/\/www.distaziofamily.com\/en\/wp-json\/wp\/v2\/pages\/142\/revisions\/12138"}],"wp:attachment":[{"href":"https:\/\/www.distaziofamily.com\/en\/wp-json\/wp\/v2\/media?parent=142"}],"curies":[{"name":"wp","href":"https:\/\/api.w.org\/{rel}","templated":true}]}}