{"id":145,"date":"2014-08-27T09:16:56","date_gmt":"2014-08-27T09:16:56","guid":{"rendered":"http:\/\/178.238.229.69\/www.distaziofamily.com\/www\/?page_id=145"},"modified":"2024-06-03T08:49:08","modified_gmt":"2024-06-03T06:49:08","slug":"terms-and-conditions","status":"publish","type":"page","link":"https:\/\/www.distaziofamily.com\/en\/terms-and-conditions\/","title":{"rendered":"Terms and conditions"},"content":{"rendered":"<p><strong>Condizioni Generali ( CG )<\/strong><br \/>\n<em>ST. Hippolyt Italia<\/em><\/p>\n<p><strong>1 Ambito di applicazione<\/strong><\/p>\n<p>1.1 Le vendite al cliente si applicano esclusivamente alle nostre condizioni, nel rispetto della normativa vigente italiana in tale materia, e non riconosciamo condizioni contrastanti o divergenti rispetto alle nostre, a meno che non siano da noi espressamente accettate per iscritto.<\/p>\n<p>1.2 Tutti gli accordi stipulati tra noi e il cliente ai fini dell&#8217;esecuzione dell\u2019ordinativo sono stabiliti per iscritto in questo contratto.<\/p>\n<p><strong>2 Documenti di Offerta<\/strong><\/p>\n<p>2.1 L\u2019offerta se non formalizzata come contratto dalle due parti, pu\u00f2 restare in vigore per due settimane dopodich\u00e9 decade.<\/p>\n<p>2.2 Sulle illustrazioni , disegni, diete,calcoli e altri documenti ci riserviamo il diritto di propriet\u00e0 e il copyright . Questo vale anche per i documenti scritti che sono contrassegnati come &#8220;confidenziali&#8221; . Questo vale fino a che non sia espressamente autorizzato per iscritto la eventuale cessione a terzi.<\/p>\n<p><strong>3 Modalit\u00e0 di pagamento<\/strong><\/p>\n<p>3.1 Il pagamento deve essere eseguito immediatamente nei modi stabiliti.<\/p>\n<p>3.2 L&#8217;IVA \u00e8 inclusa nel prezzo di vendita, di cui \u00e8 possibile vederne lo scorporo.<\/p>\n<p>3.3 Eventuali detrazioni di sconto richiedono uno speciale accordo scritto .<\/p>\n<p>3.4 Nella conferma d&#8217;ordine , il prezzo di acquisto \u00e8 da pagare immediatamente( senza detrazioni ) in data della fattura. Il pagamento tardivo sar\u00e0 regolato dalle disposizioni di legge.<\/p>\n<p><strong>4 Fornitura e tempi di consegna<\/strong><\/p>\n<p>4.1 L&#8217;inizio del periodo di consegna presuppone il chiarimento di tutte le questioni tecniche e il passaggio della merce all\u2019acquirente si intende al momento del ritiro.<\/p>\n<p>4.2 La consegna a mezzo trasporto di terzi avviene a rischio del compratore.Il venditore garantisce, secondo la legge, solo nel caso di grave incuria personale e non \u00e8 responsabile dei danni provocati dal trasportatore esterno.<\/p>\n<p>4.3 Se l&#8217;acquirente \u00e8 in difetto nel momento della ricezione della merce e non provvede al ritiro, abbiamo diritto di richiedere il risarcimento dei danni da noi subiti, comprese le eventuali spese.<\/p>\n<p>4.4 Il compratore ha l\u2019obbligo di esaminare immediatamente la merce fornita e di segnalare reclami per iscritto, al massimo entro tre giorni, con l\u2019obbligo di scrivere eventuali danni o mancanze sul documento che deve firmare al trasportatore. Se non ha tempo o \u00e8 assente, chi riceve la merce deve farlo scrivendo \u201ccon riserva\u201d per tutelarsi per un successivo controllo.<\/p>\n<p>4.5 Il venditore non garantisce per difetti o mancanze dovuti al trattamento improprio ( carico, scarico e trasporto) della merce da parte dell\u2019acquirente. La merce deve essere sempre spedita in bancale imballato con polifilm e cos\u00ec deve pervenire al cliente.<\/p>\n<p>4.6 Non sono da ritenersi difetti variazioni nel colore e nel gusto dei foraggi, determinati dall\u2019impiego di sostanze naturali. Non \u00e8 un difetto neppure una variante nella confezione della merce fornita, che tiene conto degli sviluppi tecnici e delle nuove conoscenze scientifiche nel campo dell\u2019alimentazione.<\/p>\n<p>4.7 Non siamo responsabili di eventuali ritardi della consegna una volta assegnato il trasporto a terzi.<\/p>\n<p>4.8 Se il cliente desidera, copriremo la consegna da una assicurazione per il trasporto, i costi sono a carico dell\u2019acquirente.<\/p>\n<p>4.9 Nel caso la consegna non possa essere effettuata a causa di condizioni non adeguate della strada o del luogo di scarico e la cosa non venga segnalata precedentemente dall&#8217;acquirente, ci riserviamo la possibilit\u00e0 di richiedere un extra o di annullare la spedizione con restituzione parziale o totale dell&#8217;importo<\/p>\n<p><strong>5 Diritto di restituzione<\/strong><\/p>\n<p>5.1 Nel giro di due settimane dal ricevimento della merce da parte dell\u2019acquirente, la stessa pu\u00f2 essere resa senza motivazione con spese di trasporto a carico del cliente. La revoca o il termine di restituzione vengono rispettati avvenuto il ritorno della merce restituita.<\/p>\n<p>5.2 Dopo la riconsegna nei termini previsti, viene sciolto il contratto. I pagamenti gi\u00e0 effettuati vengono ritrasmessi sul conto del cliente.<\/p>\n<p>5.3 La restituzione corretta del materiale comporta che la merce sia in ottimo stato, non aperta, integra e nell\u2019imballo originale. La restituzione deve avvenire con allegata bolla o fattura.<\/p>\n<p>5.4 La riconsegna deve avvenire al seguente indirizzo: ST Hippolyt Italia- Via della Cartiera s.n. &#8211; 10010 Parella (TO)<\/p>\n<p><strong>6 Responsabilit\u00e0 per difetti<\/strong><\/p>\n<p>6.1 Nel caso di difetto nella merce imputabile al venditore, egli porr\u00e0 rimedio a sua discrezione, in forma di restituzione del prezzo di acquisto o riconsegna di nuova merce priva di difetti.<\/p>\n<p>6.2 Il venditore \u00e8 responsabile in conformit\u00e0 alle disposizioni di legge nel caso di dolo o colpa grave personale e non risponde delle responsabilit\u00e0 di terzi ( trasporto o stoccaggio non idoneo al trasporto).<\/p>\n<p>6.3 Il venditore non pu\u00f2 essere ritenuto responsabile delle merci consegnate come mangimi, integratori per animali o per l\u2019uomo che possono essere soggetti a deterioramento, qualora non siano adeguatamente immagazzinati, vale a dire protetti dal calore, umidit\u00e0 e luce eccessiva ed esposizione a parassiti.<\/p>\n<p>6.4 Il mancato rispetto delle informazioni stampate sulle rispettive istruzioni per la conservazione del prodotto esclude la responsabilit\u00e0 del produttore.<\/p>\n<p><strong>7 Riserva di propriet\u00e0<\/strong><\/p>\n<p>7.1 Ci riserviamo la propriet\u00e0 dei beni fino al ricevimento di tutti i pagamenti della fornitura . In violazione del contratto , in particolare per mancato pagamento, siamo autorizzati a ritirare la merce . La presa in ritardo della merce effettuata presso di noi non costituisce recesso dal contratto, a meno che non sia dichiarato per iscritto. Nel caso di perpetrato mancato ritiro ( almeno 15 giorni) abbiamo il diritto di recedere dal contratto.<\/p>\n<p>7.2 Il cliente \u00e8 tenuto a trattare i prodotti correttamente, in particolare , egli \u00e8 obbligato ad assicurare loro contro il fuoco , l&#8217;acqua e il furto al valore di sostituzione .<\/p>\n<p><strong>8 Luogo di adempimento del contratto e foro competente<\/strong><\/p>\n<p>8.1 Luogo di adempimento del contratto \u00e8 Quagliuzzo (TO). Unico Foro Competente \u00e8 il Tribunale di Ivrea (TO).<\/p>\n<p><strong>9 Riconoscimento di queste condizioni come contratto<\/strong><\/p>\n<p>9.1 Il compratore riconosce le sopraindicate condizioni come contrattuali. Se una disposizione di questo contratto dovesse essere o divenire parzialmente o totalmente non valida, la validit\u00e0 dello stesso non viene toccata per quanto riguarda il resto. In questo caso la condizione non pi\u00f9 valida \u00e8 da interpretare o da completare, in modo tale che si possa raggiungere lo scopo che ci si era proposti.<\/p>\n","protected":false},"excerpt":{"rendered":"<p>Condizioni Generali ( CG ) ST. Hippolyt Italia 1 Ambito di applicazione 1.1 Le vendite al cliente si applicano esclusivamente alle nostre condizioni, nel rispetto della normativa vigente italiana in tale materia, e non riconosciamo condizioni contrastanti o divergenti rispetto alle nostre, a meno che non siano da noi espressamente accettate per iscritto. 1.2 Tutti [&hellip;]<\/p>\n","protected":false},"author":138,"featured_media":0,"parent":0,"menu_order":0,"comment_status":"open","ping_status":"open","template":"","meta":[],"_links":{"self":[{"href":"https:\/\/www.distaziofamily.com\/en\/wp-json\/wp\/v2\/pages\/145"}],"collection":[{"href":"https:\/\/www.distaziofamily.com\/en\/wp-json\/wp\/v2\/pages"}],"about":[{"href":"https:\/\/www.distaziofamily.com\/en\/wp-json\/wp\/v2\/types\/page"}],"author":[{"embeddable":true,"href":"https:\/\/www.distaziofamily.com\/en\/wp-json\/wp\/v2\/users\/138"}],"replies":[{"embeddable":true,"href":"https:\/\/www.distaziofamily.com\/en\/wp-json\/wp\/v2\/comments?post=145"}],"version-history":[{"count":2,"href":"https:\/\/www.distaziofamily.com\/en\/wp-json\/wp\/v2\/pages\/145\/revisions"}],"predecessor-version":[{"id":26560,"href":"https:\/\/www.distaziofamily.com\/en\/wp-json\/wp\/v2\/pages\/145\/revisions\/26560"}],"wp:attachment":[{"href":"https:\/\/www.distaziofamily.com\/en\/wp-json\/wp\/v2\/media?parent=145"}],"curies":[{"name":"wp","href":"https:\/\/api.w.org\/{rel}","templated":true}]}}