{"id":27201,"date":"2024-11-11T15:26:51","date_gmt":"2024-11-11T14:26:51","guid":{"rendered":"https:\/\/www.distaziofamily.com\/?post_type=product&#038;p=27201"},"modified":"2025-12-04T10:52:52","modified_gmt":"2025-12-04T09:52:52","slug":"alpen-grun-mash-5-kg-agrobs","status":"publish","type":"product","link":"https:\/\/www.distaziofamily.com\/en\/shop\/horse-areas\/grain-free\/alpen-grun-mash-5-kg-agrobs\/","title":{"rendered":"Alpen grun mash 5 Kg Agrobs"},"content":{"rendered":"<pre class=\"tw-data-text tw-text-large tw-ta\" dir=\"ltr\" data-placeholder=\"Traduzione\" data-ved=\"2ahUKEwixq_3du9SJAxU-2gIHHZN3JHkQ3ewLegQICRAU\" aria-label=\"Testo tradotto: Without cereals, bran or molasses, ALPENGR\u00dcN MASH is also ideal for horses with sensitive metabolism and can be used both as a daily food and as a regime after an attack of colic or during moulting! Contains no grains or bran Rich in crude fibre Promotes healthy digestion Prebiotics Rich in mucilage which aids digestion Rich in vital substances Great taste No molasses Optimal Ca:P ratio of 2:1 Quick and easy to prepare Convenient thanks to high yield\"><span class=\"Y2IQFc\" lang=\"en\">Without cereals, bran or molasses, ALPENGR\u00dcN MASH is also ideal for horses with sensitive metabolism and can be used both as a daily food and as a regime after an attack of colic or during moulting!\r\nContains no grains or bran\r\nRich in crude fibre\r\nPromotes healthy digestion\r\nPrebiotics\r\nRich in mucilage which aids digestion\r\nRich in vital substances\r\nGreat taste\r\nNo molasses\r\nOptimal Ca:P ratio of 2:1\r\nQuick and easy to prepare\r\nConvenient thanks to high yield\r\n<\/span><\/pre>\n<pre id=\"tw-target-text\" class=\"tw-data-text tw-text-large tw-ta\" dir=\"ltr\" data-placeholder=\"Traduzione\" data-ved=\"2ahUKEwixq_3du9SJAxU-2gIHHZN3JHkQ3ewLegQICRAU\" aria-label=\"Testo tradotto: AlpenGr\u00fcn Mash dough contains Prenatura fibers which are largely made up of leaves and seeds of herbs and herbs dried with hot air. They are rich in natural vital substances including trace elements, vitamins and secondary plant substances. Prenatura fibers also provide your horse with important, highly digestible raw fibers with prebiotic properties to actively promote intestinal health and the growth of beneficial intestinal bacteria. This reduces putrefactive and gas-forming bacteria in the large intestine. Flaxseed and psyllium provide mucilage that coats the mucosa in the stomach and intestines with a protective film. This helps maintain a healthy and intact mucosa and promotes the regeneration of mucosa irritated by diseases, medications, deworming treatments or stress. Its unsaturated fatty acids also promote healthy skin and coat.\"><span class=\"Y2IQFc\" lang=\"en\">AlpenGr\u00fcn Mash dough contains Prenatura fibers which are largely made up of leaves and seeds of herbs and herbs dried with hot air.\r\nThey are rich in natural vital substances including trace elements, vitamins and secondary plant substances.\r\nPrenatura fibers also provide your horse with important,\r\n highly digestible raw fibers with prebiotic properties to actively promote intestinal health and the growth of beneficial intestinal bacteria.\r\nThis reduces putrefactive and gas-forming bacteria in the large intestine.\r\n\r\nFlaxseed and psyllium provide mucilage that coats the mucosa in the stomach and intestines with a protective film.\r\nThis helps maintain a healthy and intact mucosa and promotes the regeneration of mucosa irritated by diseases, medications, deworming treatments or stress.\r\nIts unsaturated fatty acids also promote healthy skin and coat.<\/span><\/pre>\n<pre class=\"tw-data-text tw-text-large tw-ta\" dir=\"ltr\" data-placeholder=\"Traduzione\" data-ved=\"2ahUKEwixq_3du9SJAxU-2gIHHZN3JHkQ3ewLegQICRAU\" aria-label=\"Testo tradotto: Composition Feed additive for horses, ingredients: Prenatura fibres*, linseed granules, Pre Alpin structured fibres, apple pomace, beetroot, carrots, parsnip, mixture of cold-pressed oils (linseed oil, camelina oil), psyllium, rosehip shells ( without seeds), fennel, cumin *= composed of grass, herbs and legumes Analytical components: Crude protein 12.90% Starch 1.70% Crude fat 5.20% Sugar 9.80% Crude fiber 20.60% Fructan 3.70% Raw ash 7.30% Calcium 0.50% Metabolizable energy (GfE 2014) 8.60 ME MJ \/ kg Phosphorus 0.20% Excavated prececal crude protein 8.40% Sodium 0.05%\"><span class=\"Y2IQFc\" lang=\"en\">Composition\r\nFeed additive for horses, ingredients:\r\nPrenatura fibres*, linseed granules, Pre Alpin structured fibres, apple pomace, beetroot, carrots, parsnip,\r\n mixture of cold-pressed oils (linseed oil, camelina oil), psyllium, rosehip shells ( without seeds), fennel, cumin\r\n\r\n*= composed of grass, herbs and legumes\r\n\r\nAnalytical components:\r\nCrude protein 12.90% Starch 1.70%\r\nCrude fat 5.20% Sugar 9.80%\r\nCrude fiber 20.60% Fructan 3.70%\r\nRaw ash 7.30%\t \t \r\nCalcium 0.50% Metabolizable energy (GfE 2014) 8.60 ME MJ \/ kg\r\nPhosphorus 0.20% Excavated prececal crude protein 8.40%\r\nSodium 0.05%\r\n<\/span><\/pre>\n<pre id=\"tw-target-text\" class=\"tw-data-text tw-text-large tw-ta\" dir=\"ltr\" data-placeholder=\"Traduzione\" data-ved=\"2ahUKEwixq_3du9SJAxU-2gIHHZN3JHkQ3ewLegQICRAU\" aria-label=\"Testo tradotto: Food recommendation 80 to 100 g per 100 kg of ideal body weight mix AlpenGr\u00fcn Mash with hot water, mix well, leave to soak for about 5-10 minutes and feed warm if necessary, AlpenGr\u00fcn Mash can also be mixed with cold water, the soaking time increases to approximately 15-20 minutes AlpenGr\u00fcn Mash and water mixing ratio: 1:3 to 1:7. Example: 0.5 kg AlpenGr\u00fcn Mash: 1.5 to 3.5 liters of water suitable for daily use gradually introduce the new feed An AGROBS\u00ae feed measuring cup (1.5 l) contains on average approximately 480 g of AlpenGr\u00fcn Mash\"><span class=\"Y2IQFc\" lang=\"en\">Food recommendation\r\n80 to 100 g per 100 kg of ideal body weight\r\nmix AlpenGr\u00fcn Mash with hot water, mix well, leave to soak for about 5-10 minutes and feed warm\r\nif necessary, AlpenGr\u00fcn Mash can also be mixed with cold water, the soaking time increases to approximately 15-20 minutes\r\nAlpenGr\u00fcn Mash and water mixing ratio: 1:3 to 1:7. Example: 0.5 kg AlpenGr\u00fcn Mash: 1.5 to 3.5 liters of water\r\nsuitable for daily use\r\ngradually introduce the new feed\r\nAn AGROBS\u00ae feed measuring cup (1.5 l) contains on average approximately 480 g of AlpenGr\u00fcn Mash<\/span><\/pre>\n<pre id=\"tw-target-text\" class=\"tw-data-text tw-text-large tw-ta\" dir=\"ltr\" data-placeholder=\"Traduzione\" data-ved=\"2ahUKEwixq_3du9SJAxU-2gIHHZN3JHkQ3ewLegQICRAU\" aria-label=\"Testo tradotto: Composition Feed additive for horses, ingredients: Prenatura fibres*, linseed granules, Pre Alpin structured fibres, apple pomace, beetroot, carrots, parsnip, mixture of cold-pressed oils (linseed oil, camelina oil), psyllium, rosehip shells ( without seeds), fennel, cumin *= composed of grass, herbs and legumes Analytical components: Crude protein 12.90% Starch 1.70% Crude fat 5.20% Sugar 9.80% Crude fiber 20.60% Fructan 3.70% Raw ash 7.30% Calcium 0.50% Metabolizable energy (GfE 2014) 8.60 ME MJ \/ kg Phosphorus 0.20% Excavated prececal crude protein 8.40% Sodium 0.05%\"><span class=\"Y2IQFc\" lang=\"en\">\u00a0<\/span><\/pre>\n","protected":false},"excerpt":{"rendered":"<pre class=\"tw-data-text tw-text-large tw-ta\" dir=\"ltr\" data-placeholder=\"Traduzione\" data-ved=\"2ahUKEwixq_3du9SJAxU-2gIHHZN3JHkQ3ewLegQICRAU\" aria-label=\"Testo tradotto: Prenatura\u00ae prebiotic fibres, without alfalfa especially tasty with fruits and vegetables, such as carrots, beets, parsnips and apples without grains and molasses, without wheat bran, without artificial additives very concentrated, can also be mixed with cold water\"><span class=\"Y2IQFc\" lang=\"en\">Prenatura\u00ae prebiotic fibres, without alfalfa\r\nespecially tasty with fruits and vegetables, such as carrots, beets, parsnips and apples\r\nwithout grains and molasses, without wheat bran, without artificial additives\r\nvery concentrated, can also be mixed with cold water\r\n<\/span><span class=\"Y2IQFc\" lang=\"en\">fennel and cumin aid digestion\r\nPsyllium and flaxseed provide important mucins\r\noptimal calcium:phosphorus ratio of 2:1<\/span><\/pre>\n","protected":false},"featured_media":28596,"comment_status":"open","ping_status":"closed","template":"","meta":[],"_links":{"self":[{"href":"https:\/\/www.distaziofamily.com\/en\/wp-json\/wp\/v2\/product\/27201"}],"collection":[{"href":"https:\/\/www.distaziofamily.com\/en\/wp-json\/wp\/v2\/product"}],"about":[{"href":"https:\/\/www.distaziofamily.com\/en\/wp-json\/wp\/v2\/types\/product"}],"replies":[{"embeddable":true,"href":"https:\/\/www.distaziofamily.com\/en\/wp-json\/wp\/v2\/comments?post=27201"}],"wp:featuredmedia":[{"embeddable":true,"href":"https:\/\/www.distaziofamily.com\/en\/wp-json\/wp\/v2\/media\/28596"}],"wp:attachment":[{"href":"https:\/\/www.distaziofamily.com\/en\/wp-json\/wp\/v2\/media?parent=27201"}],"curies":[{"name":"wp","href":"https:\/\/api.w.org\/{rel}","templated":true}]}}