{"id":7681,"date":"2018-02-05T14:37:34","date_gmt":"2018-02-05T13:37:34","guid":{"rendered":"http:\/\/www.distaziofamily.com\/?post_type=product&#038;p=7681"},"modified":"2026-04-22T15:28:59","modified_gmt":"2026-04-22T13:28:59","slug":"alpengrun-mash-15-kg","status":"publish","type":"product","link":"https:\/\/www.distaziofamily.com\/en\/shop\/horse-areas\/grain-free\/alpengrun-mash-15-kg\/","title":{"rendered":"Alpen Grun Mash 15 kg Agrobs"},"content":{"rendered":"<div class=\"jhH5U\">\n<div id=\"tw-ob\" class=\"tw-src-ltr\">\n<div class=\"oSioSc\">\n<div id=\"tw-target\">\n<div id=\"kAz1tf\" class=\"g9WsWb\">\n<div id=\"tw-target-text-container\" class=\"tw-ta-container tw-nfl\" tabindex=\"0\">\n<pre id=\"tw-target-text\" class=\"tw-data-text tw-text-large tw-ta\" dir=\"ltr\" data-placeholder=\"Traduzione\"><span lang=\"en\">Mash AlpenGr\u00fcn is mainly made up of Prenatura\u00ae fibers, made up of leaves and seeds of herbs and herbs dried in the air.\r\n\r\nThanks to their nutrient content, e.g. trace elements, vitamins and phytochemicals,\r\n\r\nPrenatura\u00ae fibers linked to horses Highly digestible fibers, improving the well-being of the intestine and promoting the growth of the useful intestinal flora.\r\n\r\nFlax seed (cyanide-free) and psyllium seeds have a high content of mucins (gums) and additional unsaturated fats have a positive effect on the skin and fur.\r\n\r\nThe Mash AlpenGr\u00fcn is completed by red beet, carrot, apple and parsnip which made the Mash particularly tasty. Dried rosehip skin supports a healthy immune system and fennel and cumin seeds help digestion integration.\r\n\r\nwithout cereals and bran\r\nrich in fiber\r\npromotes digestion\r\nprebiotic\r\nrich in nourishing mucins for the intestine\r\nrich in nutrients\r\nparticularly tasty\r\nwithout molasses\r\nquick and easy to prepare\r\ndaily feeding possible\r\nconvenient thanks to high efficiency\r\n\r\nRANGE OF USE\r\n\r\nhorses with sensitive metabolism (laminitis, EMS, PSSM, Cushing, KPU)\r\nbefore and during the moult\r\nprevention for horses with sensitive digestion\r\ndigestion problems\r\nfor regeneration or as an additional power supply\r\nfor bigger horses\r\nhealthy supplement to the normal feeding ration<\/span><\/pre>\n<\/div>\n<div id=\"tw-target-rmn-container\" class=\"tw-ta-container tw-nfl\">\n<pre id=\"tw-target-rmn\" class=\"tw-data-placeholder tw-text-small tw-ta\" dir=\"ltr\" data-placeholder=\"\"><\/pre>\n<\/div>\n<div class=\"iYB33c\">\n<div class=\"dlJLJe\">Horse feed additive<\/div>\n<div class=\"dlJLJe\">INGREDIENTS Prenatura @ -Fibers, flaxseed granulate (without cyanide), marc, Pre Alpin Struktur fiber, carrot, beetroot, parsnip, mixture of cold-pressed oil (linseed oil, camelina oil), psyllium seeds, peels rose hip (seedless), fennel, cumin seeds additives: Protein 12.8% Potassium 1.37% To dig. protein 10.5% Sulfur 0.17% Precaec. to dig. protein 8.3% Zinc 31.50 mg \/ kg Oils and fats 4.8% Manganese 89.90 mg \/ kg Fiber 18.9% Copper 8.58 mg \/ kg Ash 7.3% Selenium &lt;0.1 mg \/ kg Calcium 0.53% Starch 2.5% Phosphorus 0.30% sugar 9.3% Magnesium 0.24% fructan 4.7% Chloride 0.22% digestible energy (GfE 2003) 10.3 DE MJ \/ kg Sodium 0.06% metabolizable energy (GfE 2014) 8.9 ME MJ \/ kg Food recommendation Add warm, non-boiling water to 80-100 g of AlpenGr\u00fcn mash per 100 kg of body weight and mix well. Soak for 5-10 minutes and feed when it is still warm. In summer, AlpenGr\u00fcn Mash can be prepared with cold water. Ratio between AlpenGr\u00fcn Mash and water = 1: 3 to 1: 7 (e.g. 0.5 kg AlpenGr\u00fcn Mash: 1.5l of water) For horses with less feeding needs, the normal amount of forage should be reduced accordingly.<\/div>\n<div id=\"tw-tmenu\" class=\"tw-menu\"><\/div>\n<\/div>\n<\/div>\n<\/div>\n<\/div>\n<\/div>\n<div id=\"tw-images\"><\/div>\n<div class=\"dURPtb\"><\/div>\n<div>\n<div><\/div>\n<\/div>\n<\/div>\n<p>&nbsp;<\/p>\n<p>&nbsp;<\/p>\n","protected":false},"excerpt":{"rendered":"<p>fibers linked to horses Highly digestible fibers, improving the well-being of the intestine and promoting the growth of the useful intestinal flora.<\/p>\n<ul>\n<li>\n<pre id=\"tw-target-text\" class=\"tw-data-text tw-text-large tw-ta\" dir=\"ltr\" tabindex=\"-1\" role=\"text\" data-placeholder=\"Traduzione\" data-ved=\"2ahUKEwjEkMTXm9GSAxW11gIHHauMHggQ3ewLegQIDBAW\" aria-label=\"Testo tradotto: grain and molasses free, wheat bran free, artificial additives free\"><span class=\"Y2IQFc\" lang=\"en\">grain and molasses free, wheat bran free, artificial additives free<\/span><\/pre>\n<\/li>\n<\/ul>\n","protected":false},"featured_media":7684,"comment_status":"open","ping_status":"closed","template":"","meta":[],"_links":{"self":[{"href":"https:\/\/www.distaziofamily.com\/en\/wp-json\/wp\/v2\/product\/7681"}],"collection":[{"href":"https:\/\/www.distaziofamily.com\/en\/wp-json\/wp\/v2\/product"}],"about":[{"href":"https:\/\/www.distaziofamily.com\/en\/wp-json\/wp\/v2\/types\/product"}],"replies":[{"embeddable":true,"href":"https:\/\/www.distaziofamily.com\/en\/wp-json\/wp\/v2\/comments?post=7681"}],"wp:featuredmedia":[{"embeddable":true,"href":"https:\/\/www.distaziofamily.com\/en\/wp-json\/wp\/v2\/media\/7684"}],"wp:attachment":[{"href":"https:\/\/www.distaziofamily.com\/en\/wp-json\/wp\/v2\/media?parent=7681"}],"curies":[{"name":"wp","href":"https:\/\/api.w.org\/{rel}","templated":true}]}}